{"id":57,"date":"2024-07-31T12:40:39","date_gmt":"2024-07-31T12:40:39","guid":{"rendered":"https:\/\/dev-association.julesfakhouri.fr\/wordpress\/?page_id=57"},"modified":"2025-04-13T16:24:48","modified_gmt":"2025-04-13T16:24:48","slug":"association","status":"publish","type":"page","link":"https:\/\/dev-association.julesfakhouri.fr\/index.php\/association\/","title":{"rendered":"Que faisons-nous ?"},"content":{"rendered":"\t\t<div data-elementor-type=\"wp-page\" data-elementor-id=\"57\" class=\"elementor elementor-57\">\n\t\t\t\t<div class=\"elementor-element elementor-element-dbbd253 e-flex e-con-boxed e-con e-parent\" data-id=\"dbbd253\" data-element_type=\"container\">\n\t\t\t\t\t<div class=\"e-con-inner\">\n\t\t\t\t<div class=\"elementor-element elementor-element-ca7d8c7 elementor-widget elementor-widget-spacer\" data-id=\"ca7d8c7\" data-element_type=\"widget\" data-widget_type=\"spacer.default\">\n\t\t\t\t<div class=\"elementor-widget-container\">\n\t\t\t\t\t\t\t<div class=\"elementor-spacer\">\n\t\t\t<div class=\"elementor-spacer-inner\"><\/div>\n\t\t<\/div>\n\t\t\t\t\t\t<\/div>\n\t\t\t\t<\/div>\n\t\t\t\t\t<\/div>\n\t\t\t\t<\/div>\n\t\t<div class=\"elementor-element elementor-element-8998c8a e-con-full page-titre-banniere e-flex e-con e-parent\" data-id=\"8998c8a\" data-element_type=\"container\" data-settings=\"{&quot;background_background&quot;:&quot;classic&quot;}\">\n\t\t<div class=\"elementor-element elementor-element-f69eb42 e-con-full e-flex e-con e-child\" data-id=\"f69eb42\" data-element_type=\"container\" data-settings=\"{&quot;background_background&quot;:&quot;classic&quot;}\">\n\t\t\t\t<\/div>\n\t\t\t\t<\/div>\n\t\t<div class=\"elementor-element elementor-element-4a04265 e-flex e-con-boxed e-con e-parent\" data-id=\"4a04265\" data-element_type=\"container\">\n\t\t\t\t\t<div class=\"e-con-inner\">\n\t\t\t\t<div class=\"elementor-element elementor-element-616b7b5 elementor-widget elementor-widget-spacer\" data-id=\"616b7b5\" data-element_type=\"widget\" data-widget_type=\"spacer.default\">\n\t\t\t\t<div class=\"elementor-widget-container\">\n\t\t\t\t\t\t\t<div class=\"elementor-spacer\">\n\t\t\t<div class=\"elementor-spacer-inner\"><\/div>\n\t\t<\/div>\n\t\t\t\t\t\t<\/div>\n\t\t\t\t<\/div>\n\t\t<div class=\"elementor-element elementor-element-60204e2 e-flex e-con-boxed e-con e-child\" data-id=\"60204e2\" data-element_type=\"container\">\n\t\t\t\t\t<div class=\"e-con-inner\">\n\t\t\t\t<div class=\"elementor-element elementor-element-c6db0bd elementor-widget elementor-widget-heading\" data-id=\"c6db0bd\" data-element_type=\"widget\" data-widget_type=\"heading.default\">\n\t\t\t\t<div class=\"elementor-widget-container\">\n\t\t\t\t\t<h2 class=\"elementor-heading-title elementor-size-default\">Que faisons-nous ?<\/h2>\t\t\t\t<\/div>\n\t\t\t\t<\/div>\n\t\t\t\t<div class=\"elementor-element elementor-element-276258d elementor-widget elementor-widget-text-editor\" data-id=\"276258d\" data-element_type=\"widget\" data-widget_type=\"text-editor.default\">\n\t\t\t\t<div class=\"elementor-widget-container\">\n\t\t\t\t\t\t\t\t\t<p>L&rsquo;apprentissage du fran\u00e7ais pour communiquer, se s\u00e9curiser, se former, et surtout pour trouver un emploi sont essentiels dans un objectif de r\u00e9elle insertion. C&rsquo;est le socle du parcours qui est mis en \u0153uvre par Fran\u00e7ais langue d\u2019accueil pour les apprenants.<\/p>\t\t\t\t\t\t\t\t<\/div>\n\t\t\t\t<\/div>\n\t\t\t\t\t<\/div>\n\t\t\t\t<\/div>\n\t\t\t\t\t<\/div>\n\t\t\t\t<\/div>\n\t\t<div class=\"elementor-element elementor-element-1b3bf2e0 2-col-img-texte e-flex e-con-boxed e-con e-parent\" data-id=\"1b3bf2e0\" data-element_type=\"container\">\n\t\t\t\t\t<div class=\"e-con-inner\">\n\t\t<div class=\"elementor-element elementor-element-6a1c3df8 e-con-full e-flex e-con e-child\" data-id=\"6a1c3df8\" data-element_type=\"container\">\n\t\t\t\t<div class=\"elementor-element elementor-element-b727cbf elementor-widget elementor-widget-video\" data-id=\"b727cbf\" data-element_type=\"widget\" data-settings=\"{&quot;youtube_url&quot;:&quot;https:\\\/\\\/www.youtube.com\\\/watch?v=XHOmBV4js_E&quot;,&quot;video_type&quot;:&quot;youtube&quot;,&quot;controls&quot;:&quot;yes&quot;}\" data-widget_type=\"video.default\">\n\t\t\t\t<div class=\"elementor-widget-container\">\n\t\t\t\t\t\t\t<div class=\"elementor-wrapper elementor-open-inline\">\n\t\t\t<div class=\"elementor-video\"><\/div>\t\t<\/div>\n\t\t\t\t\t\t<\/div>\n\t\t\t\t<\/div>\n\t\t\t\t<\/div>\n\t\t<div class=\"elementor-element elementor-element-6753b13b e-con-full e-flex e-con e-child\" data-id=\"6753b13b\" data-element_type=\"container\">\n\t\t\t\t<div class=\"elementor-element elementor-element-500a0be9 elementor-widget elementor-widget-heading\" data-id=\"500a0be9\" data-element_type=\"widget\" data-widget_type=\"heading.default\">\n\t\t\t\t<div class=\"elementor-widget-container\">\n\t\t\t\t\t<h3 class=\"elementor-heading-title elementor-size-default\">Ajoutez votre titre ici<\/h3>\t\t\t\t<\/div>\n\t\t\t\t<\/div>\n\t\t\t\t<div class=\"elementor-element elementor-element-3c261ad4 elementor-widget elementor-widget-heading\" data-id=\"3c261ad4\" data-element_type=\"widget\" data-widget_type=\"heading.default\">\n\t\t\t\t<div class=\"elementor-widget-container\">\n\t\t\t\t\t<h2 class=\"elementor-heading-title elementor-size-default\">Ajoutez votre titre ici<\/h2>\t\t\t\t<\/div>\n\t\t\t\t<\/div>\n\t\t\t\t<div class=\"elementor-element elementor-element-6ebfb855 elementor-widget elementor-widget-text-editor\" data-id=\"6ebfb855\" data-element_type=\"widget\" data-widget_type=\"text-editor.default\">\n\t\t\t\t<div class=\"elementor-widget-container\">\n\t\t\t\t\t\t\t\t\t<p>Lorem ipsum dolor sit amet, consectetur adipiscing elit. Ut elit tellus, luctus nec ullamcorper mattis, pulvinar dapibus leo.<\/p>\t\t\t\t\t\t\t\t<\/div>\n\t\t\t\t<\/div>\n\t\t\t\t<\/div>\n\t\t\t\t\t<\/div>\n\t\t\t\t<\/div>\n\t\t<div class=\"elementor-element elementor-element-56c7877 2-col-img-texte e-flex e-con-boxed e-con e-parent\" data-id=\"56c7877\" data-element_type=\"container\">\n\t\t\t\t\t<div class=\"e-con-inner\">\n\t\t<div class=\"elementor-element elementor-element-af2400a e-con-full e-flex e-con e-child\" data-id=\"af2400a\" data-element_type=\"container\">\n\t\t\t\t<div class=\"elementor-element elementor-element-5debfd6 elementor-widget elementor-widget-heading\" data-id=\"5debfd6\" data-element_type=\"widget\" data-widget_type=\"heading.default\">\n\t\t\t\t<div class=\"elementor-widget-container\">\n\t\t\t\t\t<h3 class=\"elementor-heading-title elementor-size-default\">Ajoutez votre titre ici<\/h3>\t\t\t\t<\/div>\n\t\t\t\t<\/div>\n\t\t\t\t<div class=\"elementor-element elementor-element-0cdd5bf elementor-widget elementor-widget-heading\" data-id=\"0cdd5bf\" data-element_type=\"widget\" data-widget_type=\"heading.default\">\n\t\t\t\t<div class=\"elementor-widget-container\">\n\t\t\t\t\t<h2 class=\"elementor-heading-title elementor-size-default\">Ajoutez votre titre ici<\/h2>\t\t\t\t<\/div>\n\t\t\t\t<\/div>\n\t\t\t\t<div class=\"elementor-element elementor-element-e56aa56 elementor-widget elementor-widget-text-editor\" data-id=\"e56aa56\" data-element_type=\"widget\" data-widget_type=\"text-editor.default\">\n\t\t\t\t<div class=\"elementor-widget-container\">\n\t\t\t\t\t\t\t\t\t<p>Lorem ipsum dolor sit amet, consectetur adipiscing elit. Ut elit tellus, luctus nec ullamcorper mattis, pulvinar dapibus leo.<\/p>\t\t\t\t\t\t\t\t<\/div>\n\t\t\t\t<\/div>\n\t\t\t\t<\/div>\n\t\t<div class=\"elementor-element elementor-element-be54f8f e-con-full e-flex e-con e-child\" data-id=\"be54f8f\" data-element_type=\"container\">\n\t\t\t\t<div class=\"elementor-element elementor-element-76bb5ce elementor-widget elementor-widget-video\" data-id=\"76bb5ce\" data-element_type=\"widget\" data-settings=\"{&quot;youtube_url&quot;:&quot;https:\\\/\\\/www.youtube.com\\\/watch?v=XHOmBV4js_E&quot;,&quot;video_type&quot;:&quot;youtube&quot;,&quot;controls&quot;:&quot;yes&quot;}\" data-widget_type=\"video.default\">\n\t\t\t\t<div class=\"elementor-widget-container\">\n\t\t\t\t\t\t\t<div class=\"elementor-wrapper elementor-open-inline\">\n\t\t\t<div class=\"elementor-video\"><\/div>\t\t<\/div>\n\t\t\t\t\t\t<\/div>\n\t\t\t\t<\/div>\n\t\t\t\t<\/div>\n\t\t\t\t\t<\/div>\n\t\t\t\t<\/div>\n\t\t<div class=\"elementor-element elementor-element-ed45462 e-flex e-con-boxed e-con e-parent\" data-id=\"ed45462\" data-element_type=\"container\">\n\t\t\t\t\t<div class=\"e-con-inner\">\n\t\t\t\t\t<\/div>\n\t\t\t\t<\/div>\n\t\t\t\t<\/div>\n\t\t","protected":false},"excerpt":{"rendered":"<p>Que faisons-nous ? L&rsquo;apprentissage du fran\u00e7ais pour communiquer, se s\u00e9curiser, se former, et surtout pour trouver un emploi sont essentiels dans un objectif de r\u00e9elle insertion. C&rsquo;est le socle du parcours qui est mis en \u0153uvre par Fran\u00e7ais langue d\u2019accueil pour les apprenants. https:\/\/www.youtube.com\/watch?v=XHOmBV4js_E Ajoutez votre titre ici Ajoutez votre titre ici Lorem ipsum dolor&hellip;&nbsp;<a href=\"https:\/\/dev-association.julesfakhouri.fr\/index.php\/association\/\" rel=\"bookmark\">Lire la suite &raquo;<span class=\"screen-reader-text\">Que faisons-nous ?<\/span><\/a><\/p>\n","protected":false},"author":2,"featured_media":0,"parent":0,"menu_order":0,"comment_status":"closed","ping_status":"closed","template":"page-templates\/template-pagebuilder-full-width.php","meta":{"neve_meta_sidebar":"","neve_meta_container":"","neve_meta_enable_content_width":"","neve_meta_content_width":0,"neve_meta_title_alignment":"","neve_meta_author_avatar":"","neve_post_elements_order":"","neve_meta_disable_header":"","neve_meta_disable_footer":"","neve_meta_disable_title":"","footnotes":""},"class_list":["post-57","page","type-page","status-publish","hentry"],"_links":{"self":[{"href":"https:\/\/dev-association.julesfakhouri.fr\/index.php\/wp-json\/wp\/v2\/pages\/57","targetHints":{"allow":["GET"]}}],"collection":[{"href":"https:\/\/dev-association.julesfakhouri.fr\/index.php\/wp-json\/wp\/v2\/pages"}],"about":[{"href":"https:\/\/dev-association.julesfakhouri.fr\/index.php\/wp-json\/wp\/v2\/types\/page"}],"author":[{"embeddable":true,"href":"https:\/\/dev-association.julesfakhouri.fr\/index.php\/wp-json\/wp\/v2\/users\/2"}],"replies":[{"embeddable":true,"href":"https:\/\/dev-association.julesfakhouri.fr\/index.php\/wp-json\/wp\/v2\/comments?post=57"}],"version-history":[{"count":32,"href":"https:\/\/dev-association.julesfakhouri.fr\/index.php\/wp-json\/wp\/v2\/pages\/57\/revisions"}],"predecessor-version":[{"id":302,"href":"https:\/\/dev-association.julesfakhouri.fr\/index.php\/wp-json\/wp\/v2\/pages\/57\/revisions\/302"}],"wp:attachment":[{"href":"https:\/\/dev-association.julesfakhouri.fr\/index.php\/wp-json\/wp\/v2\/media?parent=57"}],"curies":[{"name":"wp","href":"https:\/\/api.w.org\/{rel}","templated":true}]}}